{"id":227,"date":"2025-08-30T11:27:37","date_gmt":"2025-08-30T11:27:37","guid":{"rendered":"https:\/\/roisdumenage.fr\/?page_id=227"},"modified":"2026-01-26T22:36:35","modified_gmt":"2026-01-26T22:36:35","slug":"partenariat","status":"publish","type":"page","link":"https:\/\/roisdumenage.fr\/index.php\/partenariat\/","title":{"rendered":"Partenariat"},"content":{"rendered":"\n<p>Devenez notre partenaire<br>Vous souhaitez travailler avec nous ?<\/p>\n\n\n\n<p><br>Pour les cr\u00e9ateurs de contenu : soyez r\u00e9mun\u00e9r\u00e9s pour vos contributions \u00e0 notre site gr\u00e2ce \u00e0 des contributions r\u00e9mun\u00e9r\u00e9es.<br>Pour les annonceurs : b\u00e9n\u00e9ficiez d&rsquo;une visibilit\u00e9 aupr\u00e8s de notre audience gr\u00e2ce \u00e0 des publications de contenu natif.<br>N&rsquo;h\u00e9sitez pas \u00e0 nous contacter si vous avez d&rsquo;autres id\u00e9es de collaboration !<\/p>\n\n\n\n<p>Envoyez-nous un e-mail \u00e0 l&rsquo;adresse suivante :contac(@)menageparfait.fr. Veuillez pr\u00e9ciser le type de demande dans l&rsquo;objet de votre e-mail. Merci !<\/p>\n","protected":false},"excerpt":{"rendered":"<p>Devenez notre partenaireVous souhaitez travailler avec nous ? Pour les cr\u00e9ateurs de contenu : soyez r\u00e9mun\u00e9r\u00e9s pour vos contributions \u00e0 notre site gr\u00e2ce \u00e0 des contributions r\u00e9mun\u00e9r\u00e9es.Pour les annonceurs : b\u00e9n\u00e9ficiez d&rsquo;une visibilit\u00e9 aupr\u00e8s&#46;&#46;&#46;<\/p>\n","protected":false},"author":1,"featured_media":0,"parent":0,"menu_order":0,"comment_status":"closed","ping_status":"closed","template":"","meta":{"footnotes":""},"class_list":["post-227","page","type-page","status-publish","hentry"],"yoast_head":"<!-- This site is optimized with the Yoast SEO plugin v24.8.1 - https:\/\/yoast.com\/wordpress\/plugins\/seo\/ -->\n<title>Partenariat - Trucs Malins pour la Maison<\/title>\n<meta name=\"robots\" content=\"index, follow, max-snippet:-1, max-image-preview:large, max-video-preview:-1\" \/>\n<link rel=\"canonical\" href=\"https:\/\/roisdumenage.fr\/index.php\/partenariat\/\" \/>\n<meta property=\"og:locale\" content=\"fr_FR\" \/>\n<meta property=\"og:type\" content=\"article\" \/>\n<meta property=\"og:title\" content=\"Partenariat - Trucs Malins pour la Maison\" \/>\n<meta property=\"og:description\" content=\"Devenez notre partenaireVous souhaitez travailler avec nous ? Pour les cr\u00e9ateurs de contenu : soyez r\u00e9mun\u00e9r\u00e9s pour vos contributions \u00e0 notre site gr\u00e2ce \u00e0 des contributions r\u00e9mun\u00e9r\u00e9es.Pour les annonceurs : b\u00e9n\u00e9ficiez d&rsquo;une visibilit\u00e9 aupr\u00e8s&#046;&#046;&#046;\" \/>\n<meta property=\"og:url\" content=\"https:\/\/roisdumenage.fr\/index.php\/partenariat\/\" \/>\n<meta property=\"og:site_name\" content=\"Trucs Malins pour la Maison\" \/>\n<meta property=\"article:modified_time\" content=\"2026-01-26T22:36:35+00:00\" \/>\n<meta name=\"twitter:card\" content=\"summary_large_image\" \/>\n<meta name=\"twitter:label1\" content=\"Dur\u00e9e de lecture estim\u00e9e\" \/>\n\t<meta name=\"twitter:data1\" content=\"1 minute\" \/>\n<script type=\"application\/ld+json\" class=\"yoast-schema-graph\">{\"@context\":\"https:\/\/schema.org\",\"@graph\":[{\"@type\":\"WebPage\",\"@id\":\"https:\/\/roisdumenage.fr\/index.php\/partenariat\/\",\"url\":\"https:\/\/roisdumenage.fr\/index.php\/partenariat\/\",\"name\":\"Partenariat - Trucs Malins pour la Maison\",\"isPartOf\":{\"@id\":\"https:\/\/roisdumenage.fr\/#website\"},\"datePublished\":\"2025-08-30T11:27:37+00:00\",\"dateModified\":\"2026-01-26T22:36:35+00:00\",\"breadcrumb\":{\"@id\":\"https:\/\/roisdumenage.fr\/index.php\/partenariat\/#breadcrumb\"},\"inLanguage\":\"fr-FR\",\"potentialAction\":[{\"@type\":\"ReadAction\",\"target\":[\"https:\/\/roisdumenage.fr\/index.php\/partenariat\/\"]}]},{\"@type\":\"BreadcrumbList\",\"@id\":\"https:\/\/roisdumenage.fr\/index.php\/partenariat\/#breadcrumb\",\"itemListElement\":[{\"@type\":\"ListItem\",\"position\":1,\"name\":\"Home\",\"item\":\"https:\/\/roisdumenage.fr\/\"},{\"@type\":\"ListItem\",\"position\":2,\"name\":\"Partenariat\"}]},{\"@type\":\"WebSite\",\"@id\":\"https:\/\/roisdumenage.fr\/#website\",\"url\":\"https:\/\/roisdumenage.fr\/\",\"name\":\"Trucs Malins pour la Maison\",\"description\":\"Simplifiez-vous la vie avec nos astuces pour la maison\",\"potentialAction\":[{\"@type\":\"SearchAction\",\"target\":{\"@type\":\"EntryPoint\",\"urlTemplate\":\"https:\/\/roisdumenage.fr\/?s={search_term_string}\"},\"query-input\":{\"@type\":\"PropertyValueSpecification\",\"valueRequired\":true,\"valueName\":\"search_term_string\"}}],\"inLanguage\":\"fr-FR\"}]}<\/script>\n<!-- \/ Yoast SEO plugin. -->","yoast_head_json":{"title":"Partenariat - Trucs Malins pour la Maison","robots":{"index":"index","follow":"follow","max-snippet":"max-snippet:-1","max-image-preview":"max-image-preview:large","max-video-preview":"max-video-preview:-1"},"canonical":"https:\/\/roisdumenage.fr\/index.php\/partenariat\/","og_locale":"fr_FR","og_type":"article","og_title":"Partenariat - Trucs Malins pour la Maison","og_description":"Devenez notre partenaireVous souhaitez travailler avec nous ? Pour les cr\u00e9ateurs de contenu : soyez r\u00e9mun\u00e9r\u00e9s pour vos contributions \u00e0 notre site gr\u00e2ce \u00e0 des contributions r\u00e9mun\u00e9r\u00e9es.Pour les annonceurs : b\u00e9n\u00e9ficiez d&rsquo;une visibilit\u00e9 aupr\u00e8s&#46;&#46;&#46;","og_url":"https:\/\/roisdumenage.fr\/index.php\/partenariat\/","og_site_name":"Trucs Malins pour la Maison","article_modified_time":"2026-01-26T22:36:35+00:00","twitter_card":"summary_large_image","twitter_misc":{"Dur\u00e9e de lecture estim\u00e9e":"1 minute"},"schema":{"@context":"https:\/\/schema.org","@graph":[{"@type":"WebPage","@id":"https:\/\/roisdumenage.fr\/index.php\/partenariat\/","url":"https:\/\/roisdumenage.fr\/index.php\/partenariat\/","name":"Partenariat - Trucs Malins pour la Maison","isPartOf":{"@id":"https:\/\/roisdumenage.fr\/#website"},"datePublished":"2025-08-30T11:27:37+00:00","dateModified":"2026-01-26T22:36:35+00:00","breadcrumb":{"@id":"https:\/\/roisdumenage.fr\/index.php\/partenariat\/#breadcrumb"},"inLanguage":"fr-FR","potentialAction":[{"@type":"ReadAction","target":["https:\/\/roisdumenage.fr\/index.php\/partenariat\/"]}]},{"@type":"BreadcrumbList","@id":"https:\/\/roisdumenage.fr\/index.php\/partenariat\/#breadcrumb","itemListElement":[{"@type":"ListItem","position":1,"name":"Home","item":"https:\/\/roisdumenage.fr\/"},{"@type":"ListItem","position":2,"name":"Partenariat"}]},{"@type":"WebSite","@id":"https:\/\/roisdumenage.fr\/#website","url":"https:\/\/roisdumenage.fr\/","name":"Trucs Malins pour la Maison","description":"Simplifiez-vous la vie avec nos astuces pour la maison","potentialAction":[{"@type":"SearchAction","target":{"@type":"EntryPoint","urlTemplate":"https:\/\/roisdumenage.fr\/?s={search_term_string}"},"query-input":{"@type":"PropertyValueSpecification","valueRequired":true,"valueName":"search_term_string"}}],"inLanguage":"fr-FR"}]}},"_links":{"self":[{"href":"https:\/\/roisdumenage.fr\/index.php\/wp-json\/wp\/v2\/pages\/227","targetHints":{"allow":["GET"]}}],"collection":[{"href":"https:\/\/roisdumenage.fr\/index.php\/wp-json\/wp\/v2\/pages"}],"about":[{"href":"https:\/\/roisdumenage.fr\/index.php\/wp-json\/wp\/v2\/types\/page"}],"author":[{"embeddable":true,"href":"https:\/\/roisdumenage.fr\/index.php\/wp-json\/wp\/v2\/users\/1"}],"replies":[{"embeddable":true,"href":"https:\/\/roisdumenage.fr\/index.php\/wp-json\/wp\/v2\/comments?post=227"}],"version-history":[{"count":2,"href":"https:\/\/roisdumenage.fr\/index.php\/wp-json\/wp\/v2\/pages\/227\/revisions"}],"predecessor-version":[{"id":301,"href":"https:\/\/roisdumenage.fr\/index.php\/wp-json\/wp\/v2\/pages\/227\/revisions\/301"}],"wp:attachment":[{"href":"https:\/\/roisdumenage.fr\/index.php\/wp-json\/wp\/v2\/media?parent=227"}],"curies":[{"name":"wp","href":"https:\/\/api.w.org\/{rel}","templated":true}]}}